{"id":79,"date":"2016-07-29T16:25:57","date_gmt":"2016-07-29T16:25:57","guid":{"rendered":"http:\/\/www.amicsdelcamell.cat\/?page_id=79"},"modified":"2025-02-22T17:44:54","modified_gmt":"2025-02-22T17:44:54","slug":"carnaval","status":"publish","type":"page","link":"https:\/\/www.amicsdelcamell.cat\/inici\/correcuites\/carnaval\/","title":{"rendered":"Empaitaculs Carnaval"},"content":{"rendered":"\n<h2><span style=\"color:#ff8000\" class=\"has-inline-color\">EMPAITACULS DEL CAMELL<\/span><\/h2>\n\n\n\n<p>Despr\u00e9s de la representaci\u00f3 del <a href=\"http:\/\/www.amicsdelcamell.cat\/balldelcamell\/\"><strong>Ball del Camell<\/strong><\/a> i la sortida a pla\u00e7a de la b\u00e8stia, els <a href=\"http:\/\/www.amicsdelcamell.cat\/diables\/\"><strong>Diables<\/strong><\/a> apareixen i comen\u00e7a l\u2019<strong>Empaitaculs<\/strong>, el <a href=\"http:\/\/www.amicsdelcamell.cat\/correcuites\/\"><strong>Correcuita<\/strong><\/a> de Carnaval. Tot i que el recorregut \u00e9s m\u00e9s curt que el de la Festa Major, conserva els mateixos punts emblem\u00e0tics. <\/p>\n\n\n\n<figure class=\"wp-block-embed is-type-video is-provider-youtube wp-block-embed-youtube wp-embed-aspect-16-9 wp-has-aspect-ratio\"><div class=\"wp-block-embed__wrapper\">\n<iframe loading=\"lazy\" title=\"El Camell surt per Carnaval! 2024\" width=\"840\" height=\"473\" src=\"https:\/\/www.youtube.com\/embed\/brk8X0INwxI?feature=oembed\" frameborder=\"0\" allow=\"accelerometer; autoplay; clipboard-write; encrypted-media; gyroscope; picture-in-picture; web-share\" referrerpolicy=\"strict-origin-when-cross-origin\" allowfullscreen><\/iframe>\n<\/div><figcaption>Carnaval 2024 \u00b7 Imatges i edici\u00f3 de Pol Sed\u00f3<\/figcaption><\/figure>\n\n\n\n<figure class=\"wp-block-gallery columns-3 is-cropped\"><ul class=\"blocks-gallery-grid\"><li class=\"blocks-gallery-item\"><figure><img loading=\"lazy\" width=\"1024\" height=\"726\" src=\"http:\/\/www.amicsdelcamell.cat\/wp-content\/uploads\/2021\/11\/grup-aristocracia-2-1024x726.jpg\" alt=\"\" data-id=\"787\" data-link=\"http:\/\/www.amicsdelcamell.cat\/correcuites\/carnestoltes\/grup-aristocracia-2-2\/\" class=\"wp-image-787\" srcset=\"https:\/\/www.amicsdelcamell.cat\/wp-content\/uploads\/2021\/11\/grup-aristocracia-2-1024x726.jpg 1024w, https:\/\/www.amicsdelcamell.cat\/wp-content\/uploads\/2021\/11\/grup-aristocracia-2-300x213.jpg 300w, https:\/\/www.amicsdelcamell.cat\/wp-content\/uploads\/2021\/11\/grup-aristocracia-2-768x544.jpg 768w, https:\/\/www.amicsdelcamell.cat\/wp-content\/uploads\/2021\/11\/grup-aristocracia-2-1536x1089.jpg 1536w, https:\/\/www.amicsdelcamell.cat\/wp-content\/uploads\/2021\/11\/grup-aristocracia-2-2048x1452.jpg 2048w, https:\/\/www.amicsdelcamell.cat\/wp-content\/uploads\/2021\/11\/grup-aristocracia-2-1200x851.jpg 1200w\" sizes=\"(max-width: 709px) 85vw, (max-width: 909px) 67vw, (max-width: 1362px) 62vw, 840px\" \/><\/figure><\/li><li class=\"blocks-gallery-item\"><figure><img loading=\"lazy\" width=\"745\" height=\"1024\" src=\"http:\/\/www.amicsdelcamell.cat\/wp-content\/uploads\/2021\/11\/grup-esparriots-745x1024.jpg\" alt=\"\" data-id=\"788\" data-link=\"http:\/\/www.amicsdelcamell.cat\/correcuites\/carnestoltes\/grup-esparriots\/\" class=\"wp-image-788\" srcset=\"https:\/\/www.amicsdelcamell.cat\/wp-content\/uploads\/2021\/11\/grup-esparriots-745x1024.jpg 745w, https:\/\/www.amicsdelcamell.cat\/wp-content\/uploads\/2021\/11\/grup-esparriots-218x300.jpg 218w, https:\/\/www.amicsdelcamell.cat\/wp-content\/uploads\/2021\/11\/grup-esparriots-768x1056.jpg 768w, https:\/\/www.amicsdelcamell.cat\/wp-content\/uploads\/2021\/11\/grup-esparriots-1117x1536.jpg 1117w, https:\/\/www.amicsdelcamell.cat\/wp-content\/uploads\/2021\/11\/grup-esparriots-1489x2048.jpg 1489w, https:\/\/www.amicsdelcamell.cat\/wp-content\/uploads\/2021\/11\/grup-esparriots-1200x1650.jpg 1200w, https:\/\/www.amicsdelcamell.cat\/wp-content\/uploads\/2021\/11\/grup-esparriots.jpg 1504w\" sizes=\"(max-width: 745px) 85vw, 745px\" \/><\/figure><\/li><li class=\"blocks-gallery-item\"><figure><img loading=\"lazy\" width=\"755\" height=\"1024\" src=\"http:\/\/www.amicsdelcamell.cat\/wp-content\/uploads\/2021\/11\/44-755x1024.jpg\" alt=\"\" data-id=\"789\" data-link=\"http:\/\/www.amicsdelcamell.cat\/correcuites\/carnestoltes\/attachment\/44\/\" class=\"wp-image-789\" srcset=\"https:\/\/www.amicsdelcamell.cat\/wp-content\/uploads\/2021\/11\/44-755x1024.jpg 755w, https:\/\/www.amicsdelcamell.cat\/wp-content\/uploads\/2021\/11\/44-221x300.jpg 221w, https:\/\/www.amicsdelcamell.cat\/wp-content\/uploads\/2021\/11\/44-768x1041.jpg 768w, https:\/\/www.amicsdelcamell.cat\/wp-content\/uploads\/2021\/11\/44-1133x1536.jpg 1133w, https:\/\/www.amicsdelcamell.cat\/wp-content\/uploads\/2021\/11\/44-1511x2048.jpg 1511w, https:\/\/www.amicsdelcamell.cat\/wp-content\/uploads\/2021\/11\/44-1200x1627.jpg 1200w, https:\/\/www.amicsdelcamell.cat\/wp-content\/uploads\/2021\/11\/44.jpg 1792w\" sizes=\"(max-width: 755px) 85vw, 755px\" \/><\/figure><\/li><li class=\"blocks-gallery-item\"><figure><img loading=\"lazy\" width=\"733\" height=\"1024\" src=\"http:\/\/www.amicsdelcamell.cat\/wp-content\/uploads\/2021\/11\/carnaval-733x1024.jpg\" alt=\"\" data-id=\"790\" data-link=\"http:\/\/www.amicsdelcamell.cat\/correcuites\/carnestoltes\/carnaval\/\" class=\"wp-image-790\" srcset=\"https:\/\/www.amicsdelcamell.cat\/wp-content\/uploads\/2021\/11\/carnaval-733x1024.jpg 733w, https:\/\/www.amicsdelcamell.cat\/wp-content\/uploads\/2021\/11\/carnaval-215x300.jpg 215w, https:\/\/www.amicsdelcamell.cat\/wp-content\/uploads\/2021\/11\/carnaval-768x1073.jpg 768w, https:\/\/www.amicsdelcamell.cat\/wp-content\/uploads\/2021\/11\/carnaval.jpg 841w\" sizes=\"(max-width: 733px) 85vw, 733px\" \/><\/figure><\/li><li class=\"blocks-gallery-item\"><figure><img loading=\"lazy\" width=\"703\" height=\"1024\" src=\"http:\/\/www.amicsdelcamell.cat\/wp-content\/uploads\/2021\/11\/FOTO_CARNAVAL-703x1024.jpg\" alt=\"\" data-id=\"792\" data-link=\"http:\/\/www.amicsdelcamell.cat\/correcuites\/carnestoltes\/foto_carnaval\/\" class=\"wp-image-792\" srcset=\"https:\/\/www.amicsdelcamell.cat\/wp-content\/uploads\/2021\/11\/FOTO_CARNAVAL-703x1024.jpg 703w, https:\/\/www.amicsdelcamell.cat\/wp-content\/uploads\/2021\/11\/FOTO_CARNAVAL-206x300.jpg 206w, https:\/\/www.amicsdelcamell.cat\/wp-content\/uploads\/2021\/11\/FOTO_CARNAVAL-768x1118.jpg 768w, https:\/\/www.amicsdelcamell.cat\/wp-content\/uploads\/2021\/11\/FOTO_CARNAVAL.jpg 856w\" sizes=\"(max-width: 703px) 85vw, 703px\" \/><\/figure><\/li><li class=\"blocks-gallery-item\"><figure><img loading=\"lazy\" width=\"865\" height=\"782\" src=\"http:\/\/www.amicsdelcamell.cat\/wp-content\/uploads\/2021\/11\/FOTO_CARNAVAL2.jpg\" alt=\"\" data-id=\"793\" data-link=\"http:\/\/www.amicsdelcamell.cat\/correcuites\/carnestoltes\/foto_carnaval2\/\" class=\"wp-image-793\" srcset=\"https:\/\/www.amicsdelcamell.cat\/wp-content\/uploads\/2021\/11\/FOTO_CARNAVAL2.jpg 865w, https:\/\/www.amicsdelcamell.cat\/wp-content\/uploads\/2021\/11\/FOTO_CARNAVAL2-300x271.jpg 300w, https:\/\/www.amicsdelcamell.cat\/wp-content\/uploads\/2021\/11\/FOTO_CARNAVAL2-768x694.jpg 768w\" sizes=\"(max-width: 709px) 85vw, (max-width: 909px) 67vw, (max-width: 1362px) 62vw, 840px\" \/><\/figure><\/li><li class=\"blocks-gallery-item\"><figure><img loading=\"lazy\" width=\"1024\" height=\"768\" src=\"http:\/\/www.amicsdelcamell.cat\/wp-content\/uploads\/2021\/11\/Carnestoltes-16-Gal\u00b7la-Ripoll-23-1024x768.jpg\" alt=\"\" data-id=\"794\" data-link=\"http:\/\/www.amicsdelcamell.cat\/correcuites\/carnestoltes\/carnestoltes-16-gal%c2%b7la-ripoll-23\/\" class=\"wp-image-794\" srcset=\"https:\/\/www.amicsdelcamell.cat\/wp-content\/uploads\/2021\/11\/Carnestoltes-16-Gal\u00b7la-Ripoll-23-1024x768.jpg 1024w, https:\/\/www.amicsdelcamell.cat\/wp-content\/uploads\/2021\/11\/Carnestoltes-16-Gal\u00b7la-Ripoll-23-300x225.jpg 300w, https:\/\/www.amicsdelcamell.cat\/wp-content\/uploads\/2021\/11\/Carnestoltes-16-Gal\u00b7la-Ripoll-23-768x576.jpg 768w, https:\/\/www.amicsdelcamell.cat\/wp-content\/uploads\/2021\/11\/Carnestoltes-16-Gal\u00b7la-Ripoll-23-1536x1152.jpg 1536w, https:\/\/www.amicsdelcamell.cat\/wp-content\/uploads\/2021\/11\/Carnestoltes-16-Gal\u00b7la-Ripoll-23-1200x900.jpg 1200w, https:\/\/www.amicsdelcamell.cat\/wp-content\/uploads\/2021\/11\/Carnestoltes-16-Gal\u00b7la-Ripoll-23.jpg 1600w\" sizes=\"(max-width: 709px) 85vw, (max-width: 909px) 67vw, (max-width: 1362px) 62vw, 840px\" \/><\/figure><\/li><li class=\"blocks-gallery-item\"><figure><img loading=\"lazy\" width=\"1024\" height=\"768\" src=\"http:\/\/www.amicsdelcamell.cat\/wp-content\/uploads\/2021\/11\/Carnestoltes-16-Jaume-Marti-24-1024x768.jpg\" alt=\"\" data-id=\"795\" data-link=\"http:\/\/www.amicsdelcamell.cat\/correcuites\/carnestoltes\/carnestoltes-16-jaume-marti-24\/\" class=\"wp-image-795\" srcset=\"https:\/\/www.amicsdelcamell.cat\/wp-content\/uploads\/2021\/11\/Carnestoltes-16-Jaume-Marti-24-1024x768.jpg 1024w, https:\/\/www.amicsdelcamell.cat\/wp-content\/uploads\/2021\/11\/Carnestoltes-16-Jaume-Marti-24-300x225.jpg 300w, https:\/\/www.amicsdelcamell.cat\/wp-content\/uploads\/2021\/11\/Carnestoltes-16-Jaume-Marti-24-768x576.jpg 768w, https:\/\/www.amicsdelcamell.cat\/wp-content\/uploads\/2021\/11\/Carnestoltes-16-Jaume-Marti-24-1536x1152.jpg 1536w, https:\/\/www.amicsdelcamell.cat\/wp-content\/uploads\/2021\/11\/Carnestoltes-16-Jaume-Marti-24-2048x1536.jpg 2048w, https:\/\/www.amicsdelcamell.cat\/wp-content\/uploads\/2021\/11\/Carnestoltes-16-Jaume-Marti-24-1200x900.jpg 1200w\" sizes=\"(max-width: 709px) 85vw, (max-width: 909px) 67vw, (max-width: 1362px) 62vw, 840px\" \/><\/figure><\/li><li class=\"blocks-gallery-item\"><figure><img loading=\"lazy\" width=\"1024\" height=\"682\" src=\"http:\/\/www.amicsdelcamell.cat\/wp-content\/uploads\/2021\/11\/Guillem_Urba_CARNAVAL_20-2-1-1024x682.jpeg\" alt=\"\" data-id=\"796\" data-link=\"http:\/\/www.amicsdelcamell.cat\/correcuites\/carnestoltes\/guillem_urba_carnaval_20-2-1\/\" class=\"wp-image-796\" srcset=\"https:\/\/www.amicsdelcamell.cat\/wp-content\/uploads\/2021\/11\/Guillem_Urba_CARNAVAL_20-2-1-1024x682.jpeg 1024w, https:\/\/www.amicsdelcamell.cat\/wp-content\/uploads\/2021\/11\/Guillem_Urba_CARNAVAL_20-2-1-300x200.jpeg 300w, https:\/\/www.amicsdelcamell.cat\/wp-content\/uploads\/2021\/11\/Guillem_Urba_CARNAVAL_20-2-1-768x512.jpeg 768w, https:\/\/www.amicsdelcamell.cat\/wp-content\/uploads\/2021\/11\/Guillem_Urba_CARNAVAL_20-2-1-1536x1023.jpeg 1536w, https:\/\/www.amicsdelcamell.cat\/wp-content\/uploads\/2021\/11\/Guillem_Urba_CARNAVAL_20-2-1-1200x800.jpeg 1200w, https:\/\/www.amicsdelcamell.cat\/wp-content\/uploads\/2021\/11\/Guillem_Urba_CARNAVAL_20-2-1.jpeg 1600w\" sizes=\"(max-width: 709px) 85vw, (max-width: 909px) 67vw, (max-width: 1362px) 62vw, 840px\" \/><\/figure><\/li><li class=\"blocks-gallery-item\"><figure><img loading=\"lazy\" width=\"1024\" height=\"682\" src=\"http:\/\/www.amicsdelcamell.cat\/wp-content\/uploads\/2021\/11\/Guillem_Urba_CARNAVAL_20-4-1024x682.jpeg\" alt=\"\" data-id=\"797\" data-link=\"http:\/\/www.amicsdelcamell.cat\/correcuites\/carnestoltes\/guillem_urba_carnaval_20-4\/\" class=\"wp-image-797\" srcset=\"https:\/\/www.amicsdelcamell.cat\/wp-content\/uploads\/2021\/11\/Guillem_Urba_CARNAVAL_20-4-1024x682.jpeg 1024w, https:\/\/www.amicsdelcamell.cat\/wp-content\/uploads\/2021\/11\/Guillem_Urba_CARNAVAL_20-4-300x200.jpeg 300w, https:\/\/www.amicsdelcamell.cat\/wp-content\/uploads\/2021\/11\/Guillem_Urba_CARNAVAL_20-4-768x512.jpeg 768w, https:\/\/www.amicsdelcamell.cat\/wp-content\/uploads\/2021\/11\/Guillem_Urba_CARNAVAL_20-4-1536x1023.jpeg 1536w, https:\/\/www.amicsdelcamell.cat\/wp-content\/uploads\/2021\/11\/Guillem_Urba_CARNAVAL_20-4-1200x800.jpeg 1200w, https:\/\/www.amicsdelcamell.cat\/wp-content\/uploads\/2021\/11\/Guillem_Urba_CARNAVAL_20-4.jpeg 1600w\" sizes=\"(max-width: 709px) 85vw, (max-width: 909px) 67vw, (max-width: 1362px) 62vw, 840px\" \/><\/figure><\/li><li class=\"blocks-gallery-item\"><figure><img loading=\"lazy\" width=\"1024\" height=\"768\" src=\"http:\/\/www.amicsdelcamell.cat\/wp-content\/uploads\/2021\/11\/Carnaval14-Gal\u00b7la-Ripoll-103-1024x768.jpg\" alt=\"\" data-id=\"798\" data-full-url=\"http:\/\/www.amicsdelcamell.cat\/wp-content\/uploads\/2021\/11\/Carnaval14-Gal\u00b7la-Ripoll-103-scaled.jpg\" data-link=\"http:\/\/www.amicsdelcamell.cat\/correcuites\/carnestoltes\/carnaval14-gal%c2%b7la-ripoll-103\/\" class=\"wp-image-798\" srcset=\"https:\/\/www.amicsdelcamell.cat\/wp-content\/uploads\/2021\/11\/Carnaval14-Gal\u00b7la-Ripoll-103-1024x768.jpg 1024w, https:\/\/www.amicsdelcamell.cat\/wp-content\/uploads\/2021\/11\/Carnaval14-Gal\u00b7la-Ripoll-103-300x225.jpg 300w, https:\/\/www.amicsdelcamell.cat\/wp-content\/uploads\/2021\/11\/Carnaval14-Gal\u00b7la-Ripoll-103-768x576.jpg 768w, https:\/\/www.amicsdelcamell.cat\/wp-content\/uploads\/2021\/11\/Carnaval14-Gal\u00b7la-Ripoll-103-1536x1152.jpg 1536w, https:\/\/www.amicsdelcamell.cat\/wp-content\/uploads\/2021\/11\/Carnaval14-Gal\u00b7la-Ripoll-103-2048x1536.jpg 2048w, https:\/\/www.amicsdelcamell.cat\/wp-content\/uploads\/2021\/11\/Carnaval14-Gal\u00b7la-Ripoll-103-1200x900.jpg 1200w\" sizes=\"(max-width: 709px) 85vw, (max-width: 909px) 67vw, (max-width: 1362px) 62vw, 840px\" \/><\/figure><\/li><\/ul><figcaption class=\"blocks-gallery-caption\">El Camell i el Carnaval &#8211; Imatges d&#8217;arxiu Amics del Camell i Guillem Urb\u00e0<\/figcaption><\/figure>\n\n\n\n<hr class=\"wp-block-separator\"\/>\n\n\n\n<p>Consulta el recorregut habitual de l&#8217;Empaitaculs del Camell:<\/p>\n\n\n\n<div class=\"wp-block-image\"><figure class=\"aligncenter size-large\"><a href=\"http:\/\/www.amicsdelcamell.cat\/wp-content\/uploads\/2023\/06\/RecorregutCARNAVALweb-1536x864.png\" target=\"_blank\" rel=\"noopener\"><img loading=\"lazy\" width=\"1024\" height=\"576\" src=\"http:\/\/www.amicsdelcamell.cat\/wp-content\/uploads\/2023\/06\/RecorregutCARNAVALweb-1024x576.png\" alt=\"\" class=\"wp-image-1084\" srcset=\"https:\/\/www.amicsdelcamell.cat\/wp-content\/uploads\/2023\/06\/RecorregutCARNAVALweb-1024x576.png 1024w, https:\/\/www.amicsdelcamell.cat\/wp-content\/uploads\/2023\/06\/RecorregutCARNAVALweb-300x169.png 300w, https:\/\/www.amicsdelcamell.cat\/wp-content\/uploads\/2023\/06\/RecorregutCARNAVALweb-768x432.png 768w, https:\/\/www.amicsdelcamell.cat\/wp-content\/uploads\/2023\/06\/RecorregutCARNAVALweb-1536x864.png 1536w, https:\/\/www.amicsdelcamell.cat\/wp-content\/uploads\/2023\/06\/RecorregutCARNAVALweb-2048x1152.png 2048w, https:\/\/www.amicsdelcamell.cat\/wp-content\/uploads\/2023\/06\/RecorregutCARNAVALweb-1200x675.png 1200w\" sizes=\"(max-width: 709px) 85vw, (max-width: 909px) 67vw, (max-width: 1362px) 62vw, 840px\" \/><\/a><\/figure><\/div>\n\n\n\n<div class=\"narjcurs\">\u26a0\ufe0f Aquest recorregut pot estar subjecte a canvis per motius log\u00edstics o de seguretat. Les actualitzacions es comunicaran a trav\u00e9s de les xarxes socials i la web oficial.<\/div>\n\n\n\n<div class=\"wp-block-buttons is-content-justification-center\">\n<div class=\"wp-block-button\"><a class=\"wp-block-button__link has-background\" style=\"background-color:#ff8000\">NORMATIVA DE SEGURETAT<\/a><\/div>\n<\/div>\n\n\n\n<h2><span style=\"color:#ff8000\" class=\"has-inline-color\">SAMANIAT<\/span><\/h2>\n\n\n\n<p>L&#8217;Empaitaculs culmina a la pla\u00e7a de l&#8217;Esgl\u00e9sia, on es produeix el tradicional Samaniat, una conversa entre el rei\/na Carnestoltes i el Camell. Aquesta conversa acaba sempre amb el Camell com a vencedor i el rei\/na Carnestoltes ben socarrimat a la foguera.  <\/p>\n\n\n\n<figure class=\"wp-block-embed is-type-video is-provider-youtube wp-block-embed-youtube wp-embed-aspect-16-9 wp-has-aspect-ratio\"><div class=\"wp-block-embed__wrapper\">\n<iframe loading=\"lazy\" title=\"SAMANIAT i crema del Rei Carnestoltes 2023\" width=\"840\" height=\"473\" src=\"https:\/\/www.youtube.com\/embed\/mrnNSMcu3rI?feature=oembed\" frameborder=\"0\" allow=\"accelerometer; autoplay; clipboard-write; encrypted-media; gyroscope; picture-in-picture; web-share\" referrerpolicy=\"strict-origin-when-cross-origin\" allowfullscreen><\/iframe>\n<\/div><figcaption>Samaniat del Carnaval 2023 \u00b7 V\u00eddeo Pol Sed\u00f3<\/figcaption><\/figure>\n\n\n\n<div style=\"clear: both; width: 100%; height: 20px;\">&nbsp;<\/div>\n\n\n\n<div class=\"wp-block-image\"><figure class=\"aligncenter\"><img loading=\"lazy\" width=\"1320\" height=\"53\" src=\"http:\/\/www.amicsdelcamell.cat\/wp-content\/uploads\/2016\/07\/traca2.png\" alt=\"traca2\" class=\"wp-image-307\" srcset=\"https:\/\/www.amicsdelcamell.cat\/wp-content\/uploads\/2016\/07\/traca2.png 1320w, https:\/\/www.amicsdelcamell.cat\/wp-content\/uploads\/2016\/07\/traca2-300x12.png 300w, https:\/\/www.amicsdelcamell.cat\/wp-content\/uploads\/2016\/07\/traca2-768x31.png 768w, https:\/\/www.amicsdelcamell.cat\/wp-content\/uploads\/2016\/07\/traca2-1024x41.png 1024w, https:\/\/www.amicsdelcamell.cat\/wp-content\/uploads\/2016\/07\/traca2-1200x48.png 1200w\" sizes=\"(max-width: 709px) 85vw, (max-width: 909px) 67vw, (max-width: 1362px) 62vw, 840px\" \/><\/figure><\/div>\n","protected":false},"excerpt":{"rendered":"<p>EMPAITACULS DEL CAMELL Despr\u00e9s de la representaci\u00f3 del Ball del Camell i la sortida a pla\u00e7a de la b\u00e8stia, els Diables apareixen i comen\u00e7a l\u2019Empaitaculs, el Correcuita de Carnaval. Tot i que el recorregut \u00e9s m\u00e9s curt que el de la Festa Major, conserva els mateixos punts emblem\u00e0tics. Consulta el recorregut habitual de l&#8217;Empaitaculs del &hellip; <a href=\"https:\/\/www.amicsdelcamell.cat\/inici\/correcuites\/carnaval\/\" class=\"more-link\">Continua llegint <span class=\"screen-reader-text\">\u00abEmpaitaculs Carnaval\u00bb<\/span><\/a><\/p>\n","protected":false},"author":1,"featured_media":0,"parent":18,"menu_order":3,"comment_status":"closed","ping_status":"closed","template":"","meta":[],"_links":{"self":[{"href":"https:\/\/www.amicsdelcamell.cat\/inici\/wp-json\/wp\/v2\/pages\/79"}],"collection":[{"href":"https:\/\/www.amicsdelcamell.cat\/inici\/wp-json\/wp\/v2\/pages"}],"about":[{"href":"https:\/\/www.amicsdelcamell.cat\/inici\/wp-json\/wp\/v2\/types\/page"}],"author":[{"embeddable":true,"href":"https:\/\/www.amicsdelcamell.cat\/inici\/wp-json\/wp\/v2\/users\/1"}],"replies":[{"embeddable":true,"href":"https:\/\/www.amicsdelcamell.cat\/inici\/wp-json\/wp\/v2\/comments?post=79"}],"version-history":[{"count":30,"href":"https:\/\/www.amicsdelcamell.cat\/inici\/wp-json\/wp\/v2\/pages\/79\/revisions"}],"predecessor-version":[{"id":1311,"href":"https:\/\/www.amicsdelcamell.cat\/inici\/wp-json\/wp\/v2\/pages\/79\/revisions\/1311"}],"up":[{"embeddable":true,"href":"https:\/\/www.amicsdelcamell.cat\/inici\/wp-json\/wp\/v2\/pages\/18"}],"wp:attachment":[{"href":"https:\/\/www.amicsdelcamell.cat\/inici\/wp-json\/wp\/v2\/media?parent=79"}],"curies":[{"name":"wp","href":"https:\/\/api.w.org\/{rel}","templated":true}]}}