{"id":77,"date":"2016-07-29T16:25:17","date_gmt":"2016-07-29T16:25:17","guid":{"rendered":"http:\/\/www.amicsdelcamell.cat\/?page_id=77"},"modified":"2025-02-22T17:38:09","modified_gmt":"2025-02-22T17:38:09","slug":"festa-major","status":"publish","type":"page","link":"http:\/\/www.amicsdelcamell.cat\/inici\/correcuites\/festa-major\/","title":{"rendered":"Correcuita i Sarau d&#8217;Espurnes"},"content":{"rendered":"\n<p class=\"wp-embed-aspect-16-9 wp-has-aspect-ratio\">El dissabte de Festa Major \u00e9s el moment m\u00e9s esperat per tots els camellaires. A <strong><span style=\"color:#ff8000\" class=\"has-inline-color\">2\/4 de 8 del vespre <\/span><\/strong>comen\u00e7ar\u00e0 el <strong><span style=\"color:#ff8000\" class=\"has-inline-color\">Sarau d&#8217;Espurnes<\/span><\/strong> i, tot seguit, el Camell surt pel carrer del Camell, l\u2019Enric Granados. Acompanyat sempre pel tema \u201c<em>La pres\u00f3 del rei de Fran\u00e7a<\/em>\u201d de <em>la Companyia El\u00e8ctrica Dharma<\/em>, la b\u00e8stia omple la pla\u00e7a de foc, fum i corredisses.<\/p>\n\n\n\n<figure class=\"wp-block-embed is-type-video is-provider-youtube wp-block-embed-youtube wp-embed-aspect-16-9 wp-has-aspect-ratio\"><div class=\"wp-block-embed__wrapper\">\n<iframe loading=\"lazy\" title=\"Correcuita del Camell Festa Major 2023 (Part 1)\" width=\"840\" height=\"473\" src=\"https:\/\/www.youtube.com\/embed\/griWIIxkjXs?feature=oembed\" frameborder=\"0\" allow=\"accelerometer; autoplay; clipboard-write; encrypted-media; gyroscope; picture-in-picture; web-share\" referrerpolicy=\"strict-origin-when-cross-origin\" allowfullscreen><\/iframe>\n<\/div><figcaption>Correcuita i Sarau d&#8217;Espurnes Festa Major de Sant Miquel 2023 \u00b7 V\u00eddeo Pol Sed\u00f3<\/figcaption><\/figure>\n\n\n\n<p class=\"wp-embed-aspect-16-9 wp-has-aspect-ratio\"><strong>Pel 25\u00e8 aniversari i el 40\u00e8 +1 del Camell,<\/strong> <em>l\u2019El\u00e8ctrica Dharma<\/em> va actuar en directe a la pla\u00e7a durant tota la sortida. Tamb\u00e9 en el 35\u00e8 aniversari van ser presents, i tot i que no van poder tocar en directe, van pujar al balc\u00f3 de l\u2019Ajuntament per fer <em>playback<\/em>.<\/p>\n\n\n\n<figure class=\"wp-block-embed is-type-video is-provider-youtube wp-block-embed-youtube wp-embed-aspect-16-9 wp-has-aspect-ratio\"><div class=\"wp-block-embed__wrapper\">\n<iframe loading=\"lazy\" title=\"Sortida del Corre-cuita del Camell i Sarau d&#039;Espurnes amb l&#039;El\u00e8ctrica Dharma en directe!\" width=\"840\" height=\"473\" src=\"https:\/\/www.youtube.com\/embed\/-0B3ku1BQDE?feature=oembed\" frameborder=\"0\" allow=\"accelerometer; autoplay; clipboard-write; encrypted-media; gyroscope; picture-in-picture; web-share\" referrerpolicy=\"strict-origin-when-cross-origin\" allowfullscreen><\/iframe>\n<\/div><figcaption>V\u00eddeo de la sortida del Correcuita 2022 amb l&#8217;El\u00e8ctrica Dharma en directe a la pla\u00e7a.  <br>40+1 del Camell i 50 anys de la Dharma. <\/figcaption><\/figure>\n\n\n\n<figure class=\"wp-block-embed is-type-video is-provider-youtube wp-block-embed-youtube wp-embed-aspect-16-9 wp-has-aspect-ratio\"><div class=\"wp-block-embed__wrapper\">\n<iframe loading=\"lazy\" title=\"Sortida del Camell al Corre-cuita 2022\" width=\"840\" height=\"473\" src=\"https:\/\/www.youtube.com\/embed\/OA4kCg5pKwU?feature=oembed\" frameborder=\"0\" allow=\"accelerometer; autoplay; clipboard-write; encrypted-media; gyroscope; picture-in-picture; web-share\" referrerpolicy=\"strict-origin-when-cross-origin\" allowfullscreen><\/iframe>\n<\/div><figcaption>Sortida \u00edntegra del Camell al Correcuita 2022 amb l&#8217;El\u00e8ctrica Dharma en directe a la pla\u00e7a. <\/figcaption><\/figure>\n\n\n\n<figure class=\"wp-block-gallery columns-3 is-cropped\"><ul class=\"blocks-gallery-grid\"><li class=\"blocks-gallery-item\"><figure><img loading=\"lazy\" width=\"1024\" height=\"682\" src=\"http:\/\/www.amicsdelcamell.cat\/wp-content\/uploads\/2022\/10\/HectorHrndz-7657-1024x682.jpg\" alt=\"\" data-id=\"982\" data-link=\"http:\/\/www.amicsdelcamell.cat\/inici\/correcuites\/festa-major\/hectorhrndz-7657\/\" class=\"wp-image-982\" srcset=\"http:\/\/www.amicsdelcamell.cat\/wp-content\/uploads\/2022\/10\/HectorHrndz-7657-1024x682.jpg 1024w, http:\/\/www.amicsdelcamell.cat\/wp-content\/uploads\/2022\/10\/HectorHrndz-7657-300x200.jpg 300w, http:\/\/www.amicsdelcamell.cat\/wp-content\/uploads\/2022\/10\/HectorHrndz-7657-768x512.jpg 768w, http:\/\/www.amicsdelcamell.cat\/wp-content\/uploads\/2022\/10\/HectorHrndz-7657-1536x1024.jpg 1536w, http:\/\/www.amicsdelcamell.cat\/wp-content\/uploads\/2022\/10\/HectorHrndz-7657-1200x800.jpg 1200w, http:\/\/www.amicsdelcamell.cat\/wp-content\/uploads\/2022\/10\/HectorHrndz-7657.jpg 2000w\" sizes=\"(max-width: 709px) 85vw, (max-width: 909px) 67vw, (max-width: 1362px) 62vw, 840px\" \/><\/figure><\/li><li class=\"blocks-gallery-item\"><figure><img loading=\"lazy\" width=\"1024\" height=\"682\" src=\"http:\/\/www.amicsdelcamell.cat\/wp-content\/uploads\/2022\/10\/HectorHrndz-8838-1024x682.jpg\" alt=\"\" data-id=\"984\" data-link=\"http:\/\/www.amicsdelcamell.cat\/inici\/correcuites\/festa-major\/hectorhrndz-8838\/\" class=\"wp-image-984\" srcset=\"http:\/\/www.amicsdelcamell.cat\/wp-content\/uploads\/2022\/10\/HectorHrndz-8838-1024x682.jpg 1024w, http:\/\/www.amicsdelcamell.cat\/wp-content\/uploads\/2022\/10\/HectorHrndz-8838-300x200.jpg 300w, http:\/\/www.amicsdelcamell.cat\/wp-content\/uploads\/2022\/10\/HectorHrndz-8838-768x512.jpg 768w, http:\/\/www.amicsdelcamell.cat\/wp-content\/uploads\/2022\/10\/HectorHrndz-8838-1536x1024.jpg 1536w, http:\/\/www.amicsdelcamell.cat\/wp-content\/uploads\/2022\/10\/HectorHrndz-8838-1200x800.jpg 1200w, http:\/\/www.amicsdelcamell.cat\/wp-content\/uploads\/2022\/10\/HectorHrndz-8838.jpg 2000w\" sizes=\"(max-width: 709px) 85vw, (max-width: 909px) 67vw, (max-width: 1362px) 62vw, 840px\" \/><\/figure><\/li><li class=\"blocks-gallery-item\"><figure><img loading=\"lazy\" width=\"1024\" height=\"682\" src=\"http:\/\/www.amicsdelcamell.cat\/wp-content\/uploads\/2022\/10\/HectorHrndz-8762-1024x682.jpg\" alt=\"\" data-id=\"985\" data-full-url=\"http:\/\/www.amicsdelcamell.cat\/wp-content\/uploads\/2022\/10\/HectorHrndz-8762.jpg\" data-link=\"http:\/\/www.amicsdelcamell.cat\/inici\/correcuites\/festa-major\/hectorhrndz-8762\/\" class=\"wp-image-985\" srcset=\"http:\/\/www.amicsdelcamell.cat\/wp-content\/uploads\/2022\/10\/HectorHrndz-8762-1024x682.jpg 1024w, http:\/\/www.amicsdelcamell.cat\/wp-content\/uploads\/2022\/10\/HectorHrndz-8762-300x200.jpg 300w, http:\/\/www.amicsdelcamell.cat\/wp-content\/uploads\/2022\/10\/HectorHrndz-8762-768x512.jpg 768w, http:\/\/www.amicsdelcamell.cat\/wp-content\/uploads\/2022\/10\/HectorHrndz-8762-1536x1024.jpg 1536w, http:\/\/www.amicsdelcamell.cat\/wp-content\/uploads\/2022\/10\/HectorHrndz-8762-1200x800.jpg 1200w, http:\/\/www.amicsdelcamell.cat\/wp-content\/uploads\/2022\/10\/HectorHrndz-8762.jpg 2000w\" sizes=\"(max-width: 709px) 85vw, (max-width: 909px) 67vw, (max-width: 1362px) 62vw, 840px\" \/><\/figure><\/li><li class=\"blocks-gallery-item\"><figure><img loading=\"lazy\" width=\"1024\" height=\"682\" src=\"http:\/\/www.amicsdelcamell.cat\/wp-content\/uploads\/2022\/10\/HectorHrndz-9041-1024x682.jpg\" alt=\"\" data-id=\"986\" data-full-url=\"http:\/\/www.amicsdelcamell.cat\/wp-content\/uploads\/2022\/10\/HectorHrndz-9041.jpg\" data-link=\"http:\/\/www.amicsdelcamell.cat\/inici\/correcuites\/festa-major\/hectorhrndz-9041\/\" class=\"wp-image-986\" srcset=\"http:\/\/www.amicsdelcamell.cat\/wp-content\/uploads\/2022\/10\/HectorHrndz-9041-1024x682.jpg 1024w, http:\/\/www.amicsdelcamell.cat\/wp-content\/uploads\/2022\/10\/HectorHrndz-9041-300x200.jpg 300w, http:\/\/www.amicsdelcamell.cat\/wp-content\/uploads\/2022\/10\/HectorHrndz-9041-768x512.jpg 768w, http:\/\/www.amicsdelcamell.cat\/wp-content\/uploads\/2022\/10\/HectorHrndz-9041-1536x1024.jpg 1536w, http:\/\/www.amicsdelcamell.cat\/wp-content\/uploads\/2022\/10\/HectorHrndz-9041-1200x800.jpg 1200w, http:\/\/www.amicsdelcamell.cat\/wp-content\/uploads\/2022\/10\/HectorHrndz-9041.jpg 2000w\" sizes=\"(max-width: 709px) 85vw, (max-width: 909px) 67vw, (max-width: 1362px) 62vw, 840px\" \/><\/figure><\/li><li class=\"blocks-gallery-item\"><figure><img loading=\"lazy\" width=\"1024\" height=\"682\" src=\"http:\/\/www.amicsdelcamell.cat\/wp-content\/uploads\/2022\/10\/HectorHrndz-9631-1024x682.jpg\" alt=\"\" data-id=\"987\" data-full-url=\"http:\/\/www.amicsdelcamell.cat\/wp-content\/uploads\/2022\/10\/HectorHrndz-9631.jpg\" data-link=\"http:\/\/www.amicsdelcamell.cat\/inici\/correcuites\/festa-major\/hectorhrndz-9631\/\" class=\"wp-image-987\" srcset=\"http:\/\/www.amicsdelcamell.cat\/wp-content\/uploads\/2022\/10\/HectorHrndz-9631-1024x682.jpg 1024w, http:\/\/www.amicsdelcamell.cat\/wp-content\/uploads\/2022\/10\/HectorHrndz-9631-300x200.jpg 300w, http:\/\/www.amicsdelcamell.cat\/wp-content\/uploads\/2022\/10\/HectorHrndz-9631-768x512.jpg 768w, http:\/\/www.amicsdelcamell.cat\/wp-content\/uploads\/2022\/10\/HectorHrndz-9631-1536x1024.jpg 1536w, http:\/\/www.amicsdelcamell.cat\/wp-content\/uploads\/2022\/10\/HectorHrndz-9631-1200x800.jpg 1200w, http:\/\/www.amicsdelcamell.cat\/wp-content\/uploads\/2022\/10\/HectorHrndz-9631.jpg 2000w\" sizes=\"(max-width: 709px) 85vw, (max-width: 909px) 67vw, (max-width: 1362px) 62vw, 840px\" \/><\/figure><\/li><li class=\"blocks-gallery-item\"><figure><img loading=\"lazy\" width=\"1024\" height=\"682\" src=\"http:\/\/www.amicsdelcamell.cat\/wp-content\/uploads\/2022\/10\/HectorHrndz-9225-1024x682.jpg\" alt=\"\" data-id=\"988\" data-full-url=\"http:\/\/www.amicsdelcamell.cat\/wp-content\/uploads\/2022\/10\/HectorHrndz-9225.jpg\" data-link=\"http:\/\/www.amicsdelcamell.cat\/inici\/correcuites\/festa-major\/hectorhrndz-9225\/\" class=\"wp-image-988\" srcset=\"http:\/\/www.amicsdelcamell.cat\/wp-content\/uploads\/2022\/10\/HectorHrndz-9225-1024x682.jpg 1024w, http:\/\/www.amicsdelcamell.cat\/wp-content\/uploads\/2022\/10\/HectorHrndz-9225-300x200.jpg 300w, http:\/\/www.amicsdelcamell.cat\/wp-content\/uploads\/2022\/10\/HectorHrndz-9225-768x512.jpg 768w, http:\/\/www.amicsdelcamell.cat\/wp-content\/uploads\/2022\/10\/HectorHrndz-9225-1536x1024.jpg 1536w, http:\/\/www.amicsdelcamell.cat\/wp-content\/uploads\/2022\/10\/HectorHrndz-9225-1200x800.jpg 1200w, http:\/\/www.amicsdelcamell.cat\/wp-content\/uploads\/2022\/10\/HectorHrndz-9225.jpg 2000w\" sizes=\"(max-width: 709px) 85vw, (max-width: 909px) 67vw, (max-width: 1362px) 62vw, 840px\" \/><\/figure><\/li><li class=\"blocks-gallery-item\"><figure><img loading=\"lazy\" width=\"1024\" height=\"682\" src=\"http:\/\/www.amicsdelcamell.cat\/wp-content\/uploads\/2022\/10\/HectorHrndz-8723-1024x682.jpg\" alt=\"\" data-id=\"989\" data-full-url=\"http:\/\/www.amicsdelcamell.cat\/wp-content\/uploads\/2022\/10\/HectorHrndz-8723.jpg\" data-link=\"http:\/\/www.amicsdelcamell.cat\/inici\/correcuites\/festa-major\/hectorhrndz-8723\/\" class=\"wp-image-989\" srcset=\"http:\/\/www.amicsdelcamell.cat\/wp-content\/uploads\/2022\/10\/HectorHrndz-8723-1024x682.jpg 1024w, http:\/\/www.amicsdelcamell.cat\/wp-content\/uploads\/2022\/10\/HectorHrndz-8723-300x200.jpg 300w, http:\/\/www.amicsdelcamell.cat\/wp-content\/uploads\/2022\/10\/HectorHrndz-8723-768x512.jpg 768w, http:\/\/www.amicsdelcamell.cat\/wp-content\/uploads\/2022\/10\/HectorHrndz-8723-1536x1024.jpg 1536w, http:\/\/www.amicsdelcamell.cat\/wp-content\/uploads\/2022\/10\/HectorHrndz-8723-1200x800.jpg 1200w, http:\/\/www.amicsdelcamell.cat\/wp-content\/uploads\/2022\/10\/HectorHrndz-8723.jpg 2000w\" sizes=\"(max-width: 709px) 85vw, (max-width: 909px) 67vw, (max-width: 1362px) 62vw, 840px\" \/><\/figure><\/li><li class=\"blocks-gallery-item\"><figure><img loading=\"lazy\" width=\"1024\" height=\"682\" src=\"http:\/\/www.amicsdelcamell.cat\/wp-content\/uploads\/2022\/10\/HectorHrndz-8930-1024x682.jpg\" alt=\"\" data-id=\"990\" data-full-url=\"http:\/\/www.amicsdelcamell.cat\/wp-content\/uploads\/2022\/10\/HectorHrndz-8930.jpg\" data-link=\"http:\/\/www.amicsdelcamell.cat\/inici\/correcuites\/festa-major\/hectorhrndz-8930\/\" class=\"wp-image-990\" srcset=\"http:\/\/www.amicsdelcamell.cat\/wp-content\/uploads\/2022\/10\/HectorHrndz-8930-1024x682.jpg 1024w, http:\/\/www.amicsdelcamell.cat\/wp-content\/uploads\/2022\/10\/HectorHrndz-8930-300x200.jpg 300w, http:\/\/www.amicsdelcamell.cat\/wp-content\/uploads\/2022\/10\/HectorHrndz-8930-768x512.jpg 768w, http:\/\/www.amicsdelcamell.cat\/wp-content\/uploads\/2022\/10\/HectorHrndz-8930-1536x1024.jpg 1536w, http:\/\/www.amicsdelcamell.cat\/wp-content\/uploads\/2022\/10\/HectorHrndz-8930-1200x800.jpg 1200w, http:\/\/www.amicsdelcamell.cat\/wp-content\/uploads\/2022\/10\/HectorHrndz-8930.jpg 2000w\" sizes=\"(max-width: 709px) 85vw, (max-width: 909px) 67vw, (max-width: 1362px) 62vw, 840px\" \/><\/figure><\/li><\/ul><figcaption class=\"blocks-gallery-caption\">Correcuita 2022 &#8211; Imatges H\u00e9ctor Hern\u00e1ndez<\/figcaption><\/figure>\n\n\n\n<p>Despr\u00e9s, els diables prenen el relleu, acompanyats de \u201c<em>Stella Splendens<\/em>\u201d de <em>la Companyia El\u00e8ctrica Dharma<\/em>, omplint la pla\u00e7a de foc, llum i color.<\/p>\n\n\n\n<figure class=\"wp-block-gallery columns-3 is-cropped\"><ul class=\"blocks-gallery-grid\"><li class=\"blocks-gallery-item\"><figure><img loading=\"lazy\" width=\"1024\" height=\"682\" src=\"http:\/\/www.amicsdelcamell.cat\/wp-content\/uploads\/2022\/10\/HectorHrndz-8940-1024x682.jpg\" alt=\"\" data-id=\"993\" data-full-url=\"http:\/\/www.amicsdelcamell.cat\/wp-content\/uploads\/2022\/10\/HectorHrndz-8940.jpg\" data-link=\"http:\/\/www.amicsdelcamell.cat\/inici\/correcuites\/festa-major\/hectorhrndz-8940\/\" class=\"wp-image-993\" srcset=\"http:\/\/www.amicsdelcamell.cat\/wp-content\/uploads\/2022\/10\/HectorHrndz-8940-1024x682.jpg 1024w, http:\/\/www.amicsdelcamell.cat\/wp-content\/uploads\/2022\/10\/HectorHrndz-8940-300x200.jpg 300w, http:\/\/www.amicsdelcamell.cat\/wp-content\/uploads\/2022\/10\/HectorHrndz-8940-768x512.jpg 768w, http:\/\/www.amicsdelcamell.cat\/wp-content\/uploads\/2022\/10\/HectorHrndz-8940-1536x1024.jpg 1536w, http:\/\/www.amicsdelcamell.cat\/wp-content\/uploads\/2022\/10\/HectorHrndz-8940-1200x800.jpg 1200w, http:\/\/www.amicsdelcamell.cat\/wp-content\/uploads\/2022\/10\/HectorHrndz-8940.jpg 2000w\" sizes=\"(max-width: 709px) 85vw, (max-width: 909px) 67vw, (max-width: 1362px) 62vw, 840px\" \/><\/figure><\/li><li class=\"blocks-gallery-item\"><figure><img loading=\"lazy\" width=\"1024\" height=\"682\" src=\"http:\/\/www.amicsdelcamell.cat\/wp-content\/uploads\/2022\/10\/HectorHrndz-9083-1024x682.jpg\" alt=\"\" data-id=\"994\" data-full-url=\"http:\/\/www.amicsdelcamell.cat\/wp-content\/uploads\/2022\/10\/HectorHrndz-9083.jpg\" data-link=\"http:\/\/www.amicsdelcamell.cat\/inici\/correcuites\/festa-major\/hectorhrndz-9083\/\" class=\"wp-image-994\" srcset=\"http:\/\/www.amicsdelcamell.cat\/wp-content\/uploads\/2022\/10\/HectorHrndz-9083-1024x682.jpg 1024w, http:\/\/www.amicsdelcamell.cat\/wp-content\/uploads\/2022\/10\/HectorHrndz-9083-300x200.jpg 300w, http:\/\/www.amicsdelcamell.cat\/wp-content\/uploads\/2022\/10\/HectorHrndz-9083-768x512.jpg 768w, http:\/\/www.amicsdelcamell.cat\/wp-content\/uploads\/2022\/10\/HectorHrndz-9083-1536x1024.jpg 1536w, http:\/\/www.amicsdelcamell.cat\/wp-content\/uploads\/2022\/10\/HectorHrndz-9083-1200x800.jpg 1200w, http:\/\/www.amicsdelcamell.cat\/wp-content\/uploads\/2022\/10\/HectorHrndz-9083.jpg 2000w\" sizes=\"(max-width: 709px) 85vw, (max-width: 909px) 67vw, (max-width: 1362px) 62vw, 840px\" \/><\/figure><\/li><li class=\"blocks-gallery-item\"><figure><img loading=\"lazy\" width=\"1024\" height=\"682\" src=\"http:\/\/www.amicsdelcamell.cat\/wp-content\/uploads\/2022\/10\/HectorHrndz-8904-1024x682.jpg\" alt=\"\" data-id=\"995\" data-full-url=\"http:\/\/www.amicsdelcamell.cat\/wp-content\/uploads\/2022\/10\/HectorHrndz-8904.jpg\" data-link=\"http:\/\/www.amicsdelcamell.cat\/inici\/correcuites\/festa-major\/hectorhrndz-8904\/\" class=\"wp-image-995\" srcset=\"http:\/\/www.amicsdelcamell.cat\/wp-content\/uploads\/2022\/10\/HectorHrndz-8904-1024x682.jpg 1024w, http:\/\/www.amicsdelcamell.cat\/wp-content\/uploads\/2022\/10\/HectorHrndz-8904-300x200.jpg 300w, http:\/\/www.amicsdelcamell.cat\/wp-content\/uploads\/2022\/10\/HectorHrndz-8904-768x512.jpg 768w, http:\/\/www.amicsdelcamell.cat\/wp-content\/uploads\/2022\/10\/HectorHrndz-8904-1536x1024.jpg 1536w, http:\/\/www.amicsdelcamell.cat\/wp-content\/uploads\/2022\/10\/HectorHrndz-8904-1200x800.jpg 1200w, http:\/\/www.amicsdelcamell.cat\/wp-content\/uploads\/2022\/10\/HectorHrndz-8904.jpg 2000w\" sizes=\"(max-width: 709px) 85vw, (max-width: 909px) 67vw, (max-width: 1362px) 62vw, 840px\" \/><\/figure><\/li><\/ul><figcaption class=\"blocks-gallery-caption\">Diables al Corre-cuita 2022 &#8211; Imatges H\u00e9ctor Hern\u00e1ndez<\/figcaption><\/figure>\n\n\n\n<hr class=\"wp-block-separator\"\/>\n\n\n\n<p>El <a rel=\"noreferrer noopener\" href=\"https:\/\/www.google.com\/maps\/d\/u\/1\/edit?mid=17MBQoH7H5m57W3CUi1QSJsrz4n8&amp;usp=sharing\" data-type=\"URL\" data-id=\"https:\/\/www.google.com\/maps\/d\/u\/1\/edit?mid=17MBQoH7H5m57W3CUi1QSJsrz4n8&amp;usp=sharing\" target=\"_blank\">recorregut del Correcuita<\/a> habitual \u00e9s el seg\u00fcent:<\/p>\n\n\n\n<div class=\"wp-block-image\"><figure class=\"aligncenter size-large\"><img loading=\"lazy\" width=\"1024\" height=\"576\" src=\"http:\/\/www.amicsdelcamell.cat\/wp-content\/uploads\/2024\/08\/RecorregutCORRECUITA-1024x576.png\" alt=\"\" class=\"wp-image-1245\" srcset=\"http:\/\/www.amicsdelcamell.cat\/wp-content\/uploads\/2024\/08\/RecorregutCORRECUITA-1024x576.png 1024w, http:\/\/www.amicsdelcamell.cat\/wp-content\/uploads\/2024\/08\/RecorregutCORRECUITA-300x169.png 300w, http:\/\/www.amicsdelcamell.cat\/wp-content\/uploads\/2024\/08\/RecorregutCORRECUITA-768x432.png 768w, http:\/\/www.amicsdelcamell.cat\/wp-content\/uploads\/2024\/08\/RecorregutCORRECUITA-1536x864.png 1536w, http:\/\/www.amicsdelcamell.cat\/wp-content\/uploads\/2024\/08\/RecorregutCORRECUITA-1200x675.png 1200w, http:\/\/www.amicsdelcamell.cat\/wp-content\/uploads\/2024\/08\/RecorregutCORRECUITA.png 1920w\" sizes=\"(max-width: 709px) 85vw, (max-width: 909px) 67vw, (max-width: 1362px) 62vw, 840px\" \/><\/figure><\/div>\n\n\n\n<div class=\"narjcurs\">Aquest recorregut no \u00e9s en cap cas el definitiu, pot veure\u2019s sotm\u00e8s a canvis per diversos motius. En aquest cas, les modificacions s\u2019anunciaran a trav\u00e9s de les xarxes socials de l\u2019entitat.<\/div>\n\n\n\n<div class=\"wp-block-buttons is-content-justification-center\">\n<div class=\"wp-block-button\"><a class=\"wp-block-button__link has-background\" href=\"http:\/\/www.amicsdelcamell.cat\/normativa\/\" style=\"background-color:#ff8000\" target=\"_blank\" rel=\"noreferrer noopener\">normativa de seguretat<\/a><\/div>\n<\/div>\n\n\n\n<hr class=\"wp-block-separator\"\/>\n\n\n\n<h2><span style=\"color:#ff8000\" class=\"has-inline-color\">M\u00fasica del Corre-cuita<\/span><\/h2>\n\n\n\n<p>Hi ha dues can\u00e7ons imprescindibles a la pla\u00e7a de la Vila per acompanyar la sortida de la b\u00e8stia. La primera i m\u00e9s coneguda \u00e9s <em>La pres\u00f3 del Rei de Fran\u00e7a<\/em> de la Companyia El\u00e8ctrica Dharma. Amb aquesta can\u00e7\u00f3, el Camell fa la seva aparici\u00f3 a la pla\u00e7a i, a Molins, se la coneix com \u201cLa can\u00e7\u00f3 del Camell\u201d.<\/p>\n\n\n\n<figure class=\"wp-block-audio\"><audio controls src=\"http:\/\/www.amicsdelcamell.cat\/wp-content\/uploads\/2021\/11\/ELECTRICA-DHARMA-La-Preso-del-Rei-de-Franca.mp3\"><\/audio><figcaption>La Pres\u00f3 del Rei de Fran\u00e7a de la Companyia El\u00e8ctrica Dharma<\/figcaption><\/figure>\n\n\n\n<p>D\u2019altra banda, el Camell balla al ritme de l\u2019<em>\u00c0ngel de la Dansa<\/em>, tamb\u00e9 de la Companyia El\u00e8ctrica Dharma, acompanyat dels seus diables despr\u00e9s de la seva sortida amb l\u2019<em>Stella Splendens<\/em> del mateix grup.<\/p>\n\n\n\n<figure class=\"wp-block-audio\"><audio controls src=\"http:\/\/www.amicsdelcamell.cat\/wp-content\/uploads\/2021\/11\/LAngel-de-la-Dansa-Electrica-Dharma.mp3\"><\/audio><figcaption>L&#8217;\u00c0ngel de la Dansa de la Companyia El\u00e8ctrica Dharma<\/figcaption><\/figure>\n\n\n\n<div style=\"clear: both; width: 100%; height: 20px;\">&nbsp;<\/div>\n\n\n\n<div class=\"wp-block-image\"><figure class=\"aligncenter\"><img loading=\"lazy\" width=\"1320\" height=\"53\" src=\"http:\/\/www.amicsdelcamell.cat\/wp-content\/uploads\/2016\/07\/traca2.png\" alt=\"traca2\" class=\"wp-image-307\" srcset=\"http:\/\/www.amicsdelcamell.cat\/wp-content\/uploads\/2016\/07\/traca2.png 1320w, http:\/\/www.amicsdelcamell.cat\/wp-content\/uploads\/2016\/07\/traca2-300x12.png 300w, http:\/\/www.amicsdelcamell.cat\/wp-content\/uploads\/2016\/07\/traca2-768x31.png 768w, http:\/\/www.amicsdelcamell.cat\/wp-content\/uploads\/2016\/07\/traca2-1024x41.png 1024w, http:\/\/www.amicsdelcamell.cat\/wp-content\/uploads\/2016\/07\/traca2-1200x48.png 1200w\" sizes=\"(max-width: 709px) 85vw, (max-width: 909px) 67vw, (max-width: 1362px) 62vw, 840px\" \/><\/figure><\/div>\n","protected":false},"excerpt":{"rendered":"<p>El dissabte de Festa Major \u00e9s el moment m\u00e9s esperat per tots els camellaires. A 2\/4 de 8 del vespre comen\u00e7ar\u00e0 el Sarau d&#8217;Espurnes i, tot seguit, el Camell surt pel carrer del Camell, l\u2019Enric Granados. Acompanyat sempre pel tema \u201cLa pres\u00f3 del rei de Fran\u00e7a\u201d de la Companyia El\u00e8ctrica Dharma, la b\u00e8stia omple la &hellip; <a href=\"http:\/\/www.amicsdelcamell.cat\/inici\/correcuites\/festa-major\/\" class=\"more-link\">Continua llegint <span class=\"screen-reader-text\">\u00abCorrecuita i Sarau d&#8217;Espurnes\u00bb<\/span><\/a><\/p>\n","protected":false},"author":1,"featured_media":0,"parent":18,"menu_order":1,"comment_status":"closed","ping_status":"closed","template":"","meta":[],"_links":{"self":[{"href":"http:\/\/www.amicsdelcamell.cat\/inici\/wp-json\/wp\/v2\/pages\/77"}],"collection":[{"href":"http:\/\/www.amicsdelcamell.cat\/inici\/wp-json\/wp\/v2\/pages"}],"about":[{"href":"http:\/\/www.amicsdelcamell.cat\/inici\/wp-json\/wp\/v2\/types\/page"}],"author":[{"embeddable":true,"href":"http:\/\/www.amicsdelcamell.cat\/inici\/wp-json\/wp\/v2\/users\/1"}],"replies":[{"embeddable":true,"href":"http:\/\/www.amicsdelcamell.cat\/inici\/wp-json\/wp\/v2\/comments?post=77"}],"version-history":[{"count":39,"href":"http:\/\/www.amicsdelcamell.cat\/inici\/wp-json\/wp\/v2\/pages\/77\/revisions"}],"predecessor-version":[{"id":1306,"href":"http:\/\/www.amicsdelcamell.cat\/inici\/wp-json\/wp\/v2\/pages\/77\/revisions\/1306"}],"up":[{"embeddable":true,"href":"http:\/\/www.amicsdelcamell.cat\/inici\/wp-json\/wp\/v2\/pages\/18"}],"wp:attachment":[{"href":"http:\/\/www.amicsdelcamell.cat\/inici\/wp-json\/wp\/v2\/media?parent=77"}],"curies":[{"name":"wp","href":"https:\/\/api.w.org\/{rel}","templated":true}]}}